{"id":22,"date":"2018-09-30T15:54:01","date_gmt":"2018-09-30T15:54:01","guid":{"rendered":"http:\/\/rc-fallschirm-cs.de\/?page_id=22"},"modified":"2026-02-11T20:37:35","modified_gmt":"2026-02-11T18:37:35","slug":"katalog","status":"publish","type":"page","link":"https:\/\/rc-fallschirm-cs.de\/index.php\/katalog\/","title":{"rendered":"Unsere Produkte"},"content":{"rendered":"<p><span style=\"font-size: 18pt;\">Hier finden Sie eine \u00dcbersicht unserer Artikel:<\/span><\/p>\n<div>\n<table class=\"alignleft\" style=\"width: 100%; border-collapse: collapse;\" border=\"0\">\n<tbody>\n<tr style=\"height: 193px;\">\n<td style=\"border-style: hidden; width: 25.132119788608335%; height: 193px;\"><a href=\"\/index.php\/katalog\/grosser-schirm\"><img decoding=\"async\" class=\"alignnone\" src=\"http:\/\/rc-fallschirm-cs.de\/wp-content\/uploads\/2018\/10\/schirm_gr.jpg\" alt=\"Gro\u00dfer Fallschirm in verschiedenen Blaut\u00f6nen\" width=\"152\" border=\"0\" \/><\/a><\/td>\n<td style=\"width: 74.86788021139165%; border-style: hidden; height: 193px; vertical-align: top;\">\n<h2>Gro\u00dfer Schirm<\/h2>\n<ul>\n<li>Ma\u00dfe 1.65 m x 0,70 m maximal<\/li>\n<li>7 Farben m\u00f6glich ohne Aufpreis<\/li>\n<li>Sonderw\u00fcnsche (z.B. Karos oder \u00c4hnliches) nach Absprache<\/li>\n<\/ul>\n<p><strong>Preis: <\/strong>ab <strong>270,- Euro<\/strong><\/p>\n<p><a title=\"Vorlage als PDF zum drucken\" href=\"https:\/\/rc-fallschirm-cs.de\/wp-content\/uploads\/2026\/02\/Vorlage-Schirm4.pdf\" target=\"_blank\" rel=\"noopener noreferrer\">[Vorlage als PDF zum Drucken]<\/a><\/p>\n<\/td>\n<\/tr>\n<tr style=\"height: 193px;\">\n<td style=\"border-style: hidden; width: 25.132119788608335%; height: 193px;\"><a href=\"\/index.php\/katalog\/kleiner-schirm\"><img decoding=\"async\" class=\"alignnone\" src=\"http:\/\/rc-fallschirm-cs.de\/wp-content\/uploads\/2018\/10\/schirm_kl.jpg\" alt=\"Kleiner Fallschirm in gr\u00fcn, wei\u00df, schwarz und rot\" width=\"152\" border=\"0\" \/><\/a><\/td>\n<td style=\"width: 74.86788021139165%; border-style: hidden; height: 193px; vertical-align: top;\">\n<h2>Kleiner Schirm<\/h2>\n<ul>\n<li>Ma\u00dfe 1.50 m x 0.70 m maximal<\/li>\n<li>7 Farben m\u00f6glich ohne Aufpreis<\/li>\n<li>Sonderw\u00fcnsche (z.B. Karos oder \u00c4hnliches) nach Absprache<\/li>\n<\/ul>\n<p><strong>Preis: <\/strong>ab <strong>250,- Euro<\/strong><\/p>\n<p><a title=\"Vorlage als PDF zum drucken\" href=\"https:\/\/rc-fallschirm-cs.de\/wp-content\/uploads\/2026\/02\/Vorlage-Schirm4.pdf\" target=\"_blank\" rel=\"noopener noreferrer\">[Vorlage als PDF zum Drucken]<\/a><\/p>\n<\/td>\n<\/tr>\n<tr style=\"height: 209px;\">\n<td style=\"border-style: hidden; width: 25.132119788608335%; height: 209px;\"><a href=\"\/index.php\/katalog\/anzug\"><img decoding=\"async\" class=\"alignnone\" src=\"http:\/\/rc-fallschirm-cs.de\/wp-content\/uploads\/2018\/10\/anzug.jpg\" alt=\"Springeranzug in blau\" width=\"152\" border=\"0\" \/><\/a><\/td>\n<td style=\"width: 74.86788021139165%; border-style: hidden; height: 209px; vertical-align: top;\">\n<h2>Anzug<\/h2>\n<ul>\n<li>Anzug f\u00fcr Springer Bazi<\/li>\n<li>Anz\u00fcge auch erh\u00e4ltlich f\u00fcr Andy und Bruno<\/li>\n<li>Anzug in fast allen Farben m\u00f6glich<\/li>\n<\/ul>\n<p><strong>Preis: 35,- Euro<\/strong><\/p>\n<\/td>\n<\/tr>\n<tr style=\"height: 209px;\">\n<td style=\"border-style: hidden; width: 25.132119788608335%; height: 209px;\"><a href=\"\/index.php\/katalog\/packsack-1\"><img decoding=\"async\" class=\"alignnone\" src=\"http:\/\/rc-fallschirm-cs.de\/wp-content\/uploads\/2018\/10\/packsack_a.jpg\" alt=\"Packsack in schwarz\" width=\"152\" border=\"0\" \/><\/a><\/td>\n<td style=\"width: 74.86788021139165%; border-style: hidden; height: 209px; vertical-align: top;\">\n<h2>Packsack<\/h2>\n<ul>\n<li>Mit Gurtzeug und Packsacksicherung<\/li>\n<li>Farbe schwarz, Streifen nach Wahl<\/li>\n<\/ul>\n<p><strong>Preis: 42,- Euro<\/strong><\/p>\n<\/td>\n<\/tr>\n<tr style=\"height: 217px;\">\n<td style=\"border-style: hidden; width: 25.132119788608335%; height: 217px;\"><a href=\"\/index.php\/katalog\/packsack-1-mit-sticker\"><img decoding=\"async\" class=\"alignnone\" src=\"http:\/\/rc-fallschirm-cs.de\/wp-content\/uploads\/2018\/10\/packsack_spez.jpg\" alt=\"Packsack mit Emblem\" width=\"152\" border=\"0\" \/><\/a><\/td>\n<td style=\"width: 74.86788021139165%; border-style: hidden; height: 217px; vertical-align: top;\">\n<h2>Packsack mit hochwertigem Stoffaufn\u00e4her<\/h2>\n<ul>\n<li>Mit hochwertigem Stoffaufn\u00e4her<\/li>\n<li>Farbe schwarz, Gurtzeug nach Wahl<\/li>\n<li>gestickt &#8222;European Para Trophy DMFV&#8220;<\/li>\n<li>Gr\u00f6\u00dfe ca. 7cm<\/li>\n<\/ul>\n<p><strong>Preis: 46,- Euro<\/strong><\/p>\n<\/td>\n<\/tr>\n<tr style=\"height: 217px;\">\n<td style=\"border-style: hidden; width: 25.132119788608335%; height: 217px;\"><img decoding=\"async\" class=\"alignnone\" src=\"https:\/\/rc-fallschirm-cs.de\/wp-content\/uploads\/2020\/07\/andy_v.jpg\" alt=\"Springerbausatz &quot;Andy&quot;\" width=\"152\" border=\"0\" \/><\/td>\n<td style=\"width: 74.86788021139165%; border-style: hidden; height: 217px; vertical-align: top;\">\n<h2>Fallschirmspringerbausatz &#8222;Andy&#8220;<\/h2>\n<ul>\n<li>Ma\u00dfstab 1:4<\/li>\n<li>Gr\u00f6\u00dfe ca. 45cm<\/li>\n<li>Gewicht ca. 1200 g<\/li>\n<li>Fluggewicht ca. 1600 g<\/li>\n<\/ul>\n<p><strong>Preis: 185,- Euro<\/strong><strong style=\"font-family: inherit; font-size: inherit; color: #ff0000;\" data-darkreader-inline-color=\"\">\u00a0<\/strong><\/p>\n<\/td>\n<\/tr>\n<tr style=\"height: 217px;\">\n<td style=\"border-style: hidden; width: 25.132119788608335%; height: 217px;\"><a href=\"\/index.php\/katalog\/bausatz-bazi\"><img decoding=\"async\" class=\"alignnone\" src=\"http:\/\/rc-fallschirm-cs.de\/wp-content\/uploads\/2018\/10\/bazi.jpg\" alt=\"Springerbausatz &quot;Bazi&quot;\" width=\"152\" border=\"0\" \/><\/a><\/td>\n<td style=\"width: 74.86788021139165%; border-style: hidden; height: 217px; vertical-align: top;\">\n<h2>Fallschirmspringerbausatz &#8222;Bazi&#8220;<\/h2>\n<ul>\n<li>Ma\u00dfstab 1:4<\/li>\n<li>H\u00f6he ca. 50 cm<\/li>\n<li>Gewicht ohne RC ca.850 g<\/li>\n<li>Absprunggewicht ca.1350 g<\/li>\n<\/ul>\n<div class=\"su-custom-gallery su-custom-gallery-align-left su-custom-gallery-title-hover\"><div class=\"su-custom-gallery-slide\" style=\"width:90px;height:90px\"><a href=\"https:\/\/rc-fallschirm-cs.de\/wp-content\/uploads\/2018\/10\/bazi_d.jpg\" title=\"bazi_d\"><img loading=\"lazy\" decoding=\"async\" src=\"https:\/\/rc-fallschirm-cs.de\/wp-content\/uploads\/2018\/10\/bazi_d-90x90.jpg\" alt=\"bazi_d\" width=\"90\" height=\"90\" \/><span class=\"su-custom-gallery-title\">bazi_d<\/span><\/a><\/div><div class=\"su-custom-gallery-slide\" style=\"width:90px;height:90px\"><a href=\"https:\/\/rc-fallschirm-cs.de\/wp-content\/uploads\/2018\/10\/bazi_c.jpg\" title=\"bazi_c\"><img loading=\"lazy\" decoding=\"async\" src=\"https:\/\/rc-fallschirm-cs.de\/wp-content\/uploads\/2018\/10\/bazi_c-90x90.jpg\" alt=\"bazi_c\" width=\"90\" height=\"90\" \/><span class=\"su-custom-gallery-title\">bazi_c<\/span><\/a><\/div><div class=\"su-custom-gallery-slide\" style=\"width:90px;height:90px\"><a href=\"https:\/\/rc-fallschirm-cs.de\/wp-content\/uploads\/2018\/10\/bazi_b.jpg\" title=\"bazi_b\"><img loading=\"lazy\" decoding=\"async\" src=\"https:\/\/rc-fallschirm-cs.de\/wp-content\/uploads\/2018\/10\/bazi_b-90x90.jpg\" alt=\"bazi_b\" width=\"90\" height=\"90\" \/><span class=\"su-custom-gallery-title\">bazi_b<\/span><\/a><\/div><div class=\"su-custom-gallery-slide\" style=\"width:90px;height:90px\"><a href=\"https:\/\/rc-fallschirm-cs.de\/wp-content\/uploads\/2018\/10\/bazi_a.jpg\" title=\"bazi_a\"><img loading=\"lazy\" decoding=\"async\" src=\"https:\/\/rc-fallschirm-cs.de\/wp-content\/uploads\/2018\/10\/bazi_a-90x90.jpg\" alt=\"bazi_a\" width=\"90\" height=\"90\" \/><span class=\"su-custom-gallery-title\">bazi_a<\/span><\/a><\/div><div class=\"su-clear\"><\/div><\/div>\n<p><strong>Preis: 219,- Euro<\/strong><strong style=\"font-family: inherit; font-size: inherit; color: #ff0000;\" data-darkreader-inline-color=\"\">\u00a0<\/strong><\/p>\n<\/td>\n<\/tr>\n<tr style=\"height: 217px;\">\n<td style=\"border-style: hidden; width: 25.132119788608335%; height: 217px;\"><img decoding=\"async\" class=\"alignnone\" src=\"https:\/\/rc-fallschirm-cs.de\/wp-content\/uploads\/2020\/10\/rico_c-scaled.jpg\" alt=\"Springerbausatz &quot;Rico&quot;\" width=\"152\" border=\"0\" \/><\/td>\n<td style=\"width: 74.86788021139165%; border-style: hidden; height: 217px; vertical-align: top;\">\n<h2>GFK-Fallschirmspringerbausatz &#8222;Rico&#8220;<\/h2>\n<ul>\n<li>Ma\u00dfstab 1:4<\/li>\n<li>H\u00f6he ca. 50 cm<\/li>\n<li>Mit CFK verst\u00e4rkt<\/li>\n<li>Absprunggewicht ca.1250 g<\/li>\n<\/ul>\n<div class=\"su-custom-gallery su-custom-gallery-align-left su-custom-gallery-title-hover\"><div class=\"su-custom-gallery-slide\" style=\"width:90px;height:90px\"><a href=\"https:\/\/rc-fallschirm-cs.de\/wp-content\/uploads\/2020\/10\/rico_a-scaled.jpg\" title=\"rico_a\"><img loading=\"lazy\" decoding=\"async\" src=\"https:\/\/rc-fallschirm-cs.de\/wp-content\/uploads\/2020\/10\/rico_a-scaled.jpg\" alt=\"rico_a\" width=\"90\" height=\"90\" \/><span class=\"su-custom-gallery-title\">rico_a<\/span><\/a><\/div><div class=\"su-custom-gallery-slide\" style=\"width:90px;height:90px\"><a href=\"https:\/\/rc-fallschirm-cs.de\/wp-content\/uploads\/2020\/10\/rico_b-scaled.jpg\" title=\"rico_b\"><img loading=\"lazy\" decoding=\"async\" src=\"https:\/\/rc-fallschirm-cs.de\/wp-content\/uploads\/2020\/10\/rico_b-scaled.jpg\" alt=\"rico_b\" width=\"90\" height=\"90\" \/><span class=\"su-custom-gallery-title\">rico_b<\/span><\/a><\/div><div class=\"su-clear\"><\/div><\/div>\n<p><strong>Preis: 250,- Euro<\/strong><strong style=\"font-family: inherit; font-size: inherit; color: #ff0000;\" data-darkreader-inline-color=\"\">\u00a0<\/strong><\/p>\n<\/td>\n<\/tr>\n<tr style=\"height: 209px;\">\n<td style=\"border-style: hidden; width: 25.132119788608335%; height: 209px;\"><a href=\"\/index.php\/katalog\/hochwertiger-stoffaufnaeher\"><img decoding=\"async\" class=\"alignnone\" src=\"http:\/\/rc-fallschirm-cs.de\/wp-content\/uploads\/2018\/10\/aufnaeher.jpg\" alt=\"gerstickter Stoffaufn\u00e4her\" width=\"152\" border=\"0\" \/><\/a><\/td>\n<td style=\"width: 74.86788021139165%; border-style: hidden; height: 209px; vertical-align: top;\">\n<h2>Hochwertiger Stoffaufn\u00e4her gestickt<\/h2>\n<ul>\n<li>&#8222;European Para Trophy&#8220;<\/li>\n<li>Gr\u00f6\u00dfe ca. 7cm<\/li>\n<\/ul>\n<p><strong>Preis: 4,- Euro<\/strong><\/p>\n<\/td>\n<\/tr>\n<tr style=\"height: 145px;\">\n<td style=\"border-style: hidden; width: 25.132119788608335%; height: 145px;\"><a href=\"http:\/\/rc-fallschirm-cs.de\/wp-content\/uploads\/2018\/10\/chucks.jpg\"><img decoding=\"async\" class=\"alignnone\" src=\"http:\/\/rc-fallschirm-cs.de\/wp-content\/uploads\/2018\/10\/chucks.jpg\" alt=\"Stiefel f\u00fcr Springerpuppe\" width=\"152\" \/><\/a><\/td>\n<td style=\"width: 74.86788021139165%; border-style: hidden; height: 145px; vertical-align: top;\">\n<h2>Springerschuhe<\/h2>\n<ul>\n<li>passend f\u00fcr &#8222;Andy&#8220;, &#8222;Bazi&#8220; und &#8222;Bruno&#8220;<\/li>\n<\/ul>\n<p><strong>Preis: 17,- Euro<\/strong><\/p>\n<\/td>\n<\/tr>\n<\/tbody>\n<\/table>\n<\/div>\n<div><a href=\"https:\/\/rc-fallschirm-cs.de\/index.php\/bestellung\/\" class=\"su-button su-button-style-default\" style=\"color:#FFFFFF;background-color:#2D89EF;border-color:#246ec0;border-radius:5px\" target=\"_self\"><span style=\"color:#FFFFFF;padding:6px 16px;font-size:13px;line-height:20px;border-color:#6cadf4;border-radius:5px;text-shadow:none\"><i class=\"sui sui-cart-arrow-down\" style=\"font-size:13px;color:#FFFFFF\"><\/i> Zum Bestellformular<\/span><\/a><\/div>\n<div>\u00a0<\/div>\n<div>\u00a0<\/div>\n","protected":false},"excerpt":{"rendered":"<p>Hier finden Sie eine \u00dcbersicht unserer Artikel: Gro\u00dfer Schirm Ma\u00dfe 1.65 m x 0,70 m maximal 7 Farben m\u00f6glich ohne Aufpreis Sonderw\u00fcnsche (z.B. Karos oder &hellip; <\/p>\n","protected":false},"author":2,"featured_media":0,"parent":0,"menu_order":2,"comment_status":"closed","ping_status":"closed","template":"","meta":{"footnotes":""},"class_list":["post-22","page","type-page","status-publish","hentry"],"yoast_head":"<!-- This site is optimized with the Yoast SEO plugin v27.5 - https:\/\/yoast.com\/product\/yoast-seo-wordpress\/ -->\n<title>Unsere Produkte - RC Fallschirme Schuler<\/title>\n<meta name=\"description\" content=\"RC-Fallschirme, Springer-Anz\u00fcge, Packs\u00e4cke und Gurtzeug, Fallschirmspringer-Bausatz - alles was Sie f\u00fcr einen RC Fallschirmspringer ben\u00f6tigen.\" \/>\n<meta name=\"robots\" content=\"index, follow, max-snippet:-1, max-image-preview:large, max-video-preview:-1\" \/>\n<link rel=\"canonical\" href=\"https:\/\/rc-fallschirm-cs.de\/index.php\/katalog\/\" \/>\n<meta property=\"og:locale\" content=\"de_DE\" \/>\n<meta property=\"og:type\" content=\"article\" \/>\n<meta property=\"og:title\" content=\"Unsere Produkte - RC Fallschirme Schuler\" \/>\n<meta property=\"og:description\" content=\"RC-Fallschirme, Springer-Anz\u00fcge, Packs\u00e4cke und Gurtzeug, Fallschirmspringer-Bausatz - alles was Sie f\u00fcr einen RC Fallschirmspringer ben\u00f6tigen.\" \/>\n<meta property=\"og:url\" content=\"https:\/\/rc-fallschirm-cs.de\/index.php\/katalog\/\" \/>\n<meta property=\"og:site_name\" content=\"RC Fallschirme Schuler\" \/>\n<meta property=\"article:modified_time\" content=\"2026-02-11T18:37:35+00:00\" \/>\n<meta property=\"og:image\" content=\"http:\/\/rc-fallschirm-cs.de\/wp-content\/uploads\/2018\/10\/schirm_gr.jpg\" \/>\n<meta name=\"twitter:card\" content=\"summary_large_image\" \/>\n<meta name=\"twitter:label1\" content=\"Gesch\u00e4tzte Lesezeit\" \/>\n\t<meta name=\"twitter:data1\" content=\"4\u00a0Minuten\" \/>\n<script type=\"application\/ld+json\" class=\"yoast-schema-graph\">{\"@context\":\"https:\\\/\\\/schema.org\",\"@graph\":[{\"@type\":\"WebPage\",\"@id\":\"https:\\\/\\\/rc-fallschirm-cs.de\\\/index.php\\\/katalog\\\/\",\"url\":\"https:\\\/\\\/rc-fallschirm-cs.de\\\/index.php\\\/katalog\\\/\",\"name\":\"Unsere Produkte - RC Fallschirme Schuler\",\"isPartOf\":{\"@id\":\"https:\\\/\\\/rc-fallschirm-cs.de\\\/#website\"},\"primaryImageOfPage\":{\"@id\":\"https:\\\/\\\/rc-fallschirm-cs.de\\\/index.php\\\/katalog\\\/#primaryimage\"},\"image\":{\"@id\":\"https:\\\/\\\/rc-fallschirm-cs.de\\\/index.php\\\/katalog\\\/#primaryimage\"},\"thumbnailUrl\":\"http:\\\/\\\/rc-fallschirm-cs.de\\\/wp-content\\\/uploads\\\/2018\\\/10\\\/schirm_gr.jpg\",\"datePublished\":\"2018-09-30T15:54:01+00:00\",\"dateModified\":\"2026-02-11T18:37:35+00:00\",\"description\":\"RC-Fallschirme, Springer-Anz\u00fcge, Packs\u00e4cke und Gurtzeug, Fallschirmspringer-Bausatz - alles was Sie f\u00fcr einen RC Fallschirmspringer ben\u00f6tigen.\",\"breadcrumb\":{\"@id\":\"https:\\\/\\\/rc-fallschirm-cs.de\\\/index.php\\\/katalog\\\/#breadcrumb\"},\"inLanguage\":\"de\",\"potentialAction\":[{\"@type\":\"ReadAction\",\"target\":[\"https:\\\/\\\/rc-fallschirm-cs.de\\\/index.php\\\/katalog\\\/\"]}]},{\"@type\":\"ImageObject\",\"inLanguage\":\"de\",\"@id\":\"https:\\\/\\\/rc-fallschirm-cs.de\\\/index.php\\\/katalog\\\/#primaryimage\",\"url\":\"https:\\\/\\\/rc-fallschirm-cs.de\\\/wp-content\\\/uploads\\\/2018\\\/10\\\/schirm_gr.jpg\",\"contentUrl\":\"https:\\\/\\\/rc-fallschirm-cs.de\\\/wp-content\\\/uploads\\\/2018\\\/10\\\/schirm_gr.jpg\",\"width\":1024,\"height\":768},{\"@type\":\"BreadcrumbList\",\"@id\":\"https:\\\/\\\/rc-fallschirm-cs.de\\\/index.php\\\/katalog\\\/#breadcrumb\",\"itemListElement\":[{\"@type\":\"ListItem\",\"position\":1,\"name\":\"Home\",\"item\":\"https:\\\/\\\/rc-fallschirm-cs.de\\\/\"},{\"@type\":\"ListItem\",\"position\":2,\"name\":\"Unsere Produkte\"}]},{\"@type\":\"WebSite\",\"@id\":\"https:\\\/\\\/rc-fallschirm-cs.de\\\/#website\",\"url\":\"https:\\\/\\\/rc-fallschirm-cs.de\\\/\",\"name\":\"RC Fallschirme Schuler\",\"description\":\"Schirme wie sie die Meister fliegen\",\"potentialAction\":[{\"@type\":\"SearchAction\",\"target\":{\"@type\":\"EntryPoint\",\"urlTemplate\":\"https:\\\/\\\/rc-fallschirm-cs.de\\\/?s={search_term_string}\"},\"query-input\":{\"@type\":\"PropertyValueSpecification\",\"valueRequired\":true,\"valueName\":\"search_term_string\"}}],\"inLanguage\":\"de\"}]}<\/script>\n<!-- \/ Yoast SEO plugin. -->","yoast_head_json":{"title":"Unsere Produkte - RC Fallschirme Schuler","description":"RC-Fallschirme, Springer-Anz\u00fcge, Packs\u00e4cke und Gurtzeug, Fallschirmspringer-Bausatz - alles was Sie f\u00fcr einen RC Fallschirmspringer ben\u00f6tigen.","robots":{"index":"index","follow":"follow","max-snippet":"max-snippet:-1","max-image-preview":"max-image-preview:large","max-video-preview":"max-video-preview:-1"},"canonical":"https:\/\/rc-fallschirm-cs.de\/index.php\/katalog\/","og_locale":"de_DE","og_type":"article","og_title":"Unsere Produkte - RC Fallschirme Schuler","og_description":"RC-Fallschirme, Springer-Anz\u00fcge, Packs\u00e4cke und Gurtzeug, Fallschirmspringer-Bausatz - alles was Sie f\u00fcr einen RC Fallschirmspringer ben\u00f6tigen.","og_url":"https:\/\/rc-fallschirm-cs.de\/index.php\/katalog\/","og_site_name":"RC Fallschirme Schuler","article_modified_time":"2026-02-11T18:37:35+00:00","og_image":[{"url":"http:\/\/rc-fallschirm-cs.de\/wp-content\/uploads\/2018\/10\/schirm_gr.jpg","type":"","width":"","height":""}],"twitter_card":"summary_large_image","twitter_misc":{"Gesch\u00e4tzte Lesezeit":"4\u00a0Minuten"},"schema":{"@context":"https:\/\/schema.org","@graph":[{"@type":"WebPage","@id":"https:\/\/rc-fallschirm-cs.de\/index.php\/katalog\/","url":"https:\/\/rc-fallschirm-cs.de\/index.php\/katalog\/","name":"Unsere Produkte - RC Fallschirme Schuler","isPartOf":{"@id":"https:\/\/rc-fallschirm-cs.de\/#website"},"primaryImageOfPage":{"@id":"https:\/\/rc-fallschirm-cs.de\/index.php\/katalog\/#primaryimage"},"image":{"@id":"https:\/\/rc-fallschirm-cs.de\/index.php\/katalog\/#primaryimage"},"thumbnailUrl":"http:\/\/rc-fallschirm-cs.de\/wp-content\/uploads\/2018\/10\/schirm_gr.jpg","datePublished":"2018-09-30T15:54:01+00:00","dateModified":"2026-02-11T18:37:35+00:00","description":"RC-Fallschirme, Springer-Anz\u00fcge, Packs\u00e4cke und Gurtzeug, Fallschirmspringer-Bausatz - alles was Sie f\u00fcr einen RC Fallschirmspringer ben\u00f6tigen.","breadcrumb":{"@id":"https:\/\/rc-fallschirm-cs.de\/index.php\/katalog\/#breadcrumb"},"inLanguage":"de","potentialAction":[{"@type":"ReadAction","target":["https:\/\/rc-fallschirm-cs.de\/index.php\/katalog\/"]}]},{"@type":"ImageObject","inLanguage":"de","@id":"https:\/\/rc-fallschirm-cs.de\/index.php\/katalog\/#primaryimage","url":"https:\/\/rc-fallschirm-cs.de\/wp-content\/uploads\/2018\/10\/schirm_gr.jpg","contentUrl":"https:\/\/rc-fallschirm-cs.de\/wp-content\/uploads\/2018\/10\/schirm_gr.jpg","width":1024,"height":768},{"@type":"BreadcrumbList","@id":"https:\/\/rc-fallschirm-cs.de\/index.php\/katalog\/#breadcrumb","itemListElement":[{"@type":"ListItem","position":1,"name":"Home","item":"https:\/\/rc-fallschirm-cs.de\/"},{"@type":"ListItem","position":2,"name":"Unsere Produkte"}]},{"@type":"WebSite","@id":"https:\/\/rc-fallschirm-cs.de\/#website","url":"https:\/\/rc-fallschirm-cs.de\/","name":"RC Fallschirme Schuler","description":"Schirme wie sie die Meister fliegen","potentialAction":[{"@type":"SearchAction","target":{"@type":"EntryPoint","urlTemplate":"https:\/\/rc-fallschirm-cs.de\/?s={search_term_string}"},"query-input":{"@type":"PropertyValueSpecification","valueRequired":true,"valueName":"search_term_string"}}],"inLanguage":"de"}]}},"_links":{"self":[{"href":"https:\/\/rc-fallschirm-cs.de\/index.php\/wp-json\/wp\/v2\/pages\/22","targetHints":{"allow":["GET"]}}],"collection":[{"href":"https:\/\/rc-fallschirm-cs.de\/index.php\/wp-json\/wp\/v2\/pages"}],"about":[{"href":"https:\/\/rc-fallschirm-cs.de\/index.php\/wp-json\/wp\/v2\/types\/page"}],"author":[{"embeddable":true,"href":"https:\/\/rc-fallschirm-cs.de\/index.php\/wp-json\/wp\/v2\/users\/2"}],"replies":[{"embeddable":true,"href":"https:\/\/rc-fallschirm-cs.de\/index.php\/wp-json\/wp\/v2\/comments?post=22"}],"version-history":[{"count":48,"href":"https:\/\/rc-fallschirm-cs.de\/index.php\/wp-json\/wp\/v2\/pages\/22\/revisions"}],"predecessor-version":[{"id":24779,"href":"https:\/\/rc-fallschirm-cs.de\/index.php\/wp-json\/wp\/v2\/pages\/22\/revisions\/24779"}],"wp:attachment":[{"href":"https:\/\/rc-fallschirm-cs.de\/index.php\/wp-json\/wp\/v2\/media?parent=22"}],"curies":[{"name":"wp","href":"https:\/\/api.w.org\/{rel}","templated":true}]}}