{"id":22475,"date":"2022-10-20T21:01:08","date_gmt":"2022-10-20T19:01:08","guid":{"rendered":"https:\/\/rc-fallschirm-cs.de\/?page_id=22475"},"modified":"2023-04-23T20:10:00","modified_gmt":"2023-04-23T18:10:00","slug":"rc-fallschirmspringen-das-besondere-hobby","status":"publish","type":"page","link":"https:\/\/rc-fallschirm-cs.de\/","title":{"rendered":"RC FALLSCHIRMSPRINGEN \u2013 DAS BESONDERE HOBBY"},"content":{"rendered":"<table style=\"border-collapse: collapse; width: 100%;\">\n<tbody>\n<tr>\n<td style=\"width: 28%;\"><img loading=\"lazy\" decoding=\"async\" class=\"alignleft wp-image-87 size-medium\" src=\"https:\/\/rc-fallschirm-cs.de\/wp-content\/uploads\/2016\/05\/59-300x225.jpg\" alt=\"Fallschirmspringer landet auf der Zielplane Pilot im Hintergrund und Schiedsrichter im Vordergrund\" width=\"300\" height=\"225\" srcset=\"https:\/\/rc-fallschirm-cs.de\/wp-content\/uploads\/2016\/05\/59-300x225.jpg 300w, https:\/\/rc-fallschirm-cs.de\/wp-content\/uploads\/2016\/05\/59-768x576.jpg 768w, https:\/\/rc-fallschirm-cs.de\/wp-content\/uploads\/2016\/05\/59-1024x768.jpg 1024w, https:\/\/rc-fallschirm-cs.de\/wp-content\/uploads\/2016\/05\/59.jpg 1280w\" sizes=\"auto, (max-width: 300px) 100vw, 300px\" \/>\u00a0<\/td>\n<td style=\"width: 72%;\">\n<p>Unsere Schirme eignen sich ebenso f\u00fcr Freizeit- wie f\u00fcr Wettbewerbspiloten und werden in liebevoller Handarbeit hergestellt. Die Fallschirme werden seit Jahren erfolgreich von den besten RC Fallschirmpiloten und Pilotinnen der European Para Trophy geflogen.<\/p>\n<p>Designen Sie Ihren individuellen Schirm einfach mit unserer Vorlage und wir fertigen den Schirm nach Ihren W\u00fcnschen. Mit unserer Erfahrung stehen wir Ihnen beim Erstellen Ihres individuellen Designs auch gerne zur Seite.<\/p>\n<p>Au\u00dfer unseren Fallschirmen erhalten Sie auch Springer-Anz\u00fcge, Packs\u00e4cke, Gurtzeug und Springerstiefel f\u00fcr Ihr Springer-Modell sowie den Bausatz f\u00fcr den Fallschirmspringer &#8222;Bazi&#8220; direkt bei uns.<\/p>\n<p>Wir w\u00fcnschen Ihnen viel Freude beim st\u00f6bern in unserem Produktangebot und beim designen Ihres eigenen Fallschirms.<\/p>\n<p>Ihre<br \/>\nChristine Schuler<\/p>\n<\/td>\n<\/tr>\n<\/tbody>\n<\/table>\n","protected":false},"excerpt":{"rendered":"<p>\u00a0 Unsere Schirme eignen sich ebenso f\u00fcr Freizeit- wie f\u00fcr Wettbewerbspiloten und werden in liebevoller Handarbeit hergestellt. Die Fallschirme werden seit Jahren erfolgreich von den &hellip; <\/p>\n","protected":false},"author":1,"featured_media":0,"parent":0,"menu_order":0,"comment_status":"closed","ping_status":"closed","template":"","meta":{"footnotes":""},"class_list":["post-22475","page","type-page","status-publish","hentry"],"yoast_head":"<!-- This site is optimized with the Yoast SEO plugin v27.6 - https:\/\/yoast.com\/product\/yoast-seo-wordpress\/ -->\n<title>RC FALLSCHIRMSPRINGEN \u2013 DAS BESONDERE HOBBY - RC Fallschirme Schuler<\/title>\n<meta name=\"robots\" content=\"index, follow, max-snippet:-1, max-image-preview:large, max-video-preview:-1\" \/>\n<link rel=\"canonical\" href=\"https:\/\/rc-fallschirm-cs.de\/\" \/>\n<meta property=\"og:locale\" content=\"de_DE\" \/>\n<meta property=\"og:type\" content=\"article\" \/>\n<meta property=\"og:title\" content=\"RC FALLSCHIRMSPRINGEN \u2013 DAS BESONDERE HOBBY - RC Fallschirme Schuler\" \/>\n<meta property=\"og:description\" content=\"\u00a0 Unsere Schirme eignen sich ebenso f\u00fcr Freizeit- wie f\u00fcr Wettbewerbspiloten und werden in liebevoller Handarbeit hergestellt. Die Fallschirme werden seit Jahren erfolgreich von den &hellip;\" \/>\n<meta property=\"og:url\" content=\"https:\/\/rc-fallschirm-cs.de\/\" \/>\n<meta property=\"og:site_name\" content=\"RC Fallschirme Schuler\" \/>\n<meta property=\"article:modified_time\" content=\"2023-04-23T18:10:00+00:00\" \/>\n<meta property=\"og:image\" content=\"https:\/\/rc-fallschirm-cs.de\/wp-content\/uploads\/2016\/05\/59-300x225.jpg\" \/>\n<meta name=\"twitter:card\" content=\"summary_large_image\" \/>\n<meta name=\"twitter:label1\" content=\"Gesch\u00e4tzte Lesezeit\" \/>\n\t<meta name=\"twitter:data1\" content=\"1\u00a0Minute\" \/>\n<script type=\"application\/ld+json\" class=\"yoast-schema-graph\">{\"@context\":\"https:\\\/\\\/schema.org\",\"@graph\":[{\"@type\":\"WebPage\",\"@id\":\"https:\\\/\\\/rc-fallschirm-cs.de\\\/\",\"url\":\"https:\\\/\\\/rc-fallschirm-cs.de\\\/\",\"name\":\"RC FALLSCHIRMSPRINGEN \u2013 DAS BESONDERE HOBBY - RC Fallschirme Schuler\",\"isPartOf\":{\"@id\":\"https:\\\/\\\/rc-fallschirm-cs.de\\\/#website\"},\"primaryImageOfPage\":{\"@id\":\"https:\\\/\\\/rc-fallschirm-cs.de\\\/#primaryimage\"},\"image\":{\"@id\":\"https:\\\/\\\/rc-fallschirm-cs.de\\\/#primaryimage\"},\"thumbnailUrl\":\"https:\\\/\\\/rc-fallschirm-cs.de\\\/wp-content\\\/uploads\\\/2016\\\/05\\\/59-300x225.jpg\",\"datePublished\":\"2022-10-20T19:01:08+00:00\",\"dateModified\":\"2023-04-23T18:10:00+00:00\",\"breadcrumb\":{\"@id\":\"https:\\\/\\\/rc-fallschirm-cs.de\\\/#breadcrumb\"},\"inLanguage\":\"de\",\"potentialAction\":[{\"@type\":\"ReadAction\",\"target\":[\"https:\\\/\\\/rc-fallschirm-cs.de\\\/\"]}]},{\"@type\":\"ImageObject\",\"inLanguage\":\"de\",\"@id\":\"https:\\\/\\\/rc-fallschirm-cs.de\\\/#primaryimage\",\"url\":\"https:\\\/\\\/rc-fallschirm-cs.de\\\/wp-content\\\/uploads\\\/2016\\\/05\\\/59.jpg\",\"contentUrl\":\"https:\\\/\\\/rc-fallschirm-cs.de\\\/wp-content\\\/uploads\\\/2016\\\/05\\\/59.jpg\",\"width\":1280,\"height\":960},{\"@type\":\"BreadcrumbList\",\"@id\":\"https:\\\/\\\/rc-fallschirm-cs.de\\\/#breadcrumb\",\"itemListElement\":[{\"@type\":\"ListItem\",\"position\":1,\"name\":\"Home\",\"item\":\"https:\\\/\\\/rc-fallschirm-cs.de\\\/\"},{\"@type\":\"ListItem\",\"position\":2,\"name\":\"RC FALLSCHIRMSPRINGEN \u2013 DAS BESONDERE HOBBY\"}]},{\"@type\":\"WebSite\",\"@id\":\"https:\\\/\\\/rc-fallschirm-cs.de\\\/#website\",\"url\":\"https:\\\/\\\/rc-fallschirm-cs.de\\\/\",\"name\":\"RC Fallschirme Schuler\",\"description\":\"Schirme wie sie die Meister fliegen\",\"potentialAction\":[{\"@type\":\"SearchAction\",\"target\":{\"@type\":\"EntryPoint\",\"urlTemplate\":\"https:\\\/\\\/rc-fallschirm-cs.de\\\/?s={search_term_string}\"},\"query-input\":{\"@type\":\"PropertyValueSpecification\",\"valueRequired\":true,\"valueName\":\"search_term_string\"}}],\"inLanguage\":\"de\"}]}<\/script>\n<!-- \/ Yoast SEO plugin. -->","yoast_head_json":{"title":"RC FALLSCHIRMSPRINGEN \u2013 DAS BESONDERE HOBBY - RC Fallschirme Schuler","robots":{"index":"index","follow":"follow","max-snippet":"max-snippet:-1","max-image-preview":"max-image-preview:large","max-video-preview":"max-video-preview:-1"},"canonical":"https:\/\/rc-fallschirm-cs.de\/","og_locale":"de_DE","og_type":"article","og_title":"RC FALLSCHIRMSPRINGEN \u2013 DAS BESONDERE HOBBY - RC Fallschirme Schuler","og_description":"\u00a0 Unsere Schirme eignen sich ebenso f\u00fcr Freizeit- wie f\u00fcr Wettbewerbspiloten und werden in liebevoller Handarbeit hergestellt. Die Fallschirme werden seit Jahren erfolgreich von den &hellip;","og_url":"https:\/\/rc-fallschirm-cs.de\/","og_site_name":"RC Fallschirme Schuler","article_modified_time":"2023-04-23T18:10:00+00:00","og_image":[{"url":"https:\/\/rc-fallschirm-cs.de\/wp-content\/uploads\/2016\/05\/59-300x225.jpg","type":"","width":"","height":""}],"twitter_card":"summary_large_image","twitter_misc":{"Gesch\u00e4tzte Lesezeit":"1\u00a0Minute"},"schema":{"@context":"https:\/\/schema.org","@graph":[{"@type":"WebPage","@id":"https:\/\/rc-fallschirm-cs.de\/","url":"https:\/\/rc-fallschirm-cs.de\/","name":"RC FALLSCHIRMSPRINGEN \u2013 DAS BESONDERE HOBBY - RC Fallschirme Schuler","isPartOf":{"@id":"https:\/\/rc-fallschirm-cs.de\/#website"},"primaryImageOfPage":{"@id":"https:\/\/rc-fallschirm-cs.de\/#primaryimage"},"image":{"@id":"https:\/\/rc-fallschirm-cs.de\/#primaryimage"},"thumbnailUrl":"https:\/\/rc-fallschirm-cs.de\/wp-content\/uploads\/2016\/05\/59-300x225.jpg","datePublished":"2022-10-20T19:01:08+00:00","dateModified":"2023-04-23T18:10:00+00:00","breadcrumb":{"@id":"https:\/\/rc-fallschirm-cs.de\/#breadcrumb"},"inLanguage":"de","potentialAction":[{"@type":"ReadAction","target":["https:\/\/rc-fallschirm-cs.de\/"]}]},{"@type":"ImageObject","inLanguage":"de","@id":"https:\/\/rc-fallschirm-cs.de\/#primaryimage","url":"https:\/\/rc-fallschirm-cs.de\/wp-content\/uploads\/2016\/05\/59.jpg","contentUrl":"https:\/\/rc-fallschirm-cs.de\/wp-content\/uploads\/2016\/05\/59.jpg","width":1280,"height":960},{"@type":"BreadcrumbList","@id":"https:\/\/rc-fallschirm-cs.de\/#breadcrumb","itemListElement":[{"@type":"ListItem","position":1,"name":"Home","item":"https:\/\/rc-fallschirm-cs.de\/"},{"@type":"ListItem","position":2,"name":"RC FALLSCHIRMSPRINGEN \u2013 DAS BESONDERE HOBBY"}]},{"@type":"WebSite","@id":"https:\/\/rc-fallschirm-cs.de\/#website","url":"https:\/\/rc-fallschirm-cs.de\/","name":"RC Fallschirme Schuler","description":"Schirme wie sie die Meister fliegen","potentialAction":[{"@type":"SearchAction","target":{"@type":"EntryPoint","urlTemplate":"https:\/\/rc-fallschirm-cs.de\/?s={search_term_string}"},"query-input":{"@type":"PropertyValueSpecification","valueRequired":true,"valueName":"search_term_string"}}],"inLanguage":"de"}]}},"_links":{"self":[{"href":"https:\/\/rc-fallschirm-cs.de\/index.php\/wp-json\/wp\/v2\/pages\/22475","targetHints":{"allow":["GET"]}}],"collection":[{"href":"https:\/\/rc-fallschirm-cs.de\/index.php\/wp-json\/wp\/v2\/pages"}],"about":[{"href":"https:\/\/rc-fallschirm-cs.de\/index.php\/wp-json\/wp\/v2\/types\/page"}],"author":[{"embeddable":true,"href":"https:\/\/rc-fallschirm-cs.de\/index.php\/wp-json\/wp\/v2\/users\/1"}],"replies":[{"embeddable":true,"href":"https:\/\/rc-fallschirm-cs.de\/index.php\/wp-json\/wp\/v2\/comments?post=22475"}],"version-history":[{"count":5,"href":"https:\/\/rc-fallschirm-cs.de\/index.php\/wp-json\/wp\/v2\/pages\/22475\/revisions"}],"predecessor-version":[{"id":23459,"href":"https:\/\/rc-fallschirm-cs.de\/index.php\/wp-json\/wp\/v2\/pages\/22475\/revisions\/23459"}],"wp:attachment":[{"href":"https:\/\/rc-fallschirm-cs.de\/index.php\/wp-json\/wp\/v2\/media?parent=22475"}],"curies":[{"name":"wp","href":"https:\/\/api.w.org\/{rel}","templated":true}]}}