{"id":39,"date":"2018-10-05T10:52:13","date_gmt":"2018-10-05T10:52:13","guid":{"rendered":"http:\/\/rc-fallschirm-cs.de\/?page_id=39"},"modified":"2025-02-12T16:50:51","modified_gmt":"2025-02-12T14:50:51","slug":"kontakt","status":"publish","type":"page","link":"https:\/\/rc-fallschirm-cs.de\/index.php\/kontakt\/","title":{"rendered":"Kontakt"},"content":{"rendered":"<p><span style=\"font-size: 18pt; color: #ffffff;\"><strong>Derzeit gibt es Probleme mit unserem Kontaktformular.<br \/>\nBitte senden Sie uns direkt eine E-Mail: <script type=\"text\/javascript\"><br \/>\n<!-- \nemailE=('info@' + 'rc-fallschirm-cs.de')\ndocument.write('<A href=\"mailto:' + emailE + '\">' + emailE + '<\/a>')\n \/\/--><br \/>\n<\/script><\/strong><\/span><noscript><br \/>\n<em>Email address protected by JavaScript.<\/p>\n<p>Please enable JavaScript to contact me.<\/em><br \/>\n<\/noscript><\/p>\n\n<div class=\"wpcf7 no-js\" id=\"wpcf7-f4-o1\" lang=\"de-DE\" dir=\"ltr\" data-wpcf7-id=\"4\">\n<div class=\"screen-reader-response\"><p role=\"status\" aria-live=\"polite\" aria-atomic=\"true\"><\/p> <ul><\/ul><\/div>\n<form action=\"\/index.php\/wp-json\/wp\/v2\/pages\/39#wpcf7-f4-o1\" method=\"post\" class=\"wpcf7-form init wpcf7-acceptance-as-validation\" aria-label=\"Kontaktformular\" novalidate=\"novalidate\" data-status=\"init\">\n<fieldset class=\"hidden-fields-container\"><input type=\"hidden\" name=\"_wpcf7\" value=\"4\" \/><input type=\"hidden\" name=\"_wpcf7_version\" value=\"6.1.5\" \/><input type=\"hidden\" name=\"_wpcf7_locale\" value=\"de_DE\" \/><input type=\"hidden\" name=\"_wpcf7_unit_tag\" value=\"wpcf7-f4-o1\" \/><input type=\"hidden\" name=\"_wpcf7_container_post\" value=\"0\" \/><input type=\"hidden\" name=\"_wpcf7_posted_data_hash\" value=\"\" \/>\n<\/fieldset>\n<p><label> Ihr Name (Pflichtfeld)<br \/>\n<span class=\"wpcf7-form-control-wrap\" data-name=\"your-name\"><input size=\"40\" maxlength=\"400\" class=\"wpcf7-form-control wpcf7-text wpcf7-validates-as-required\" aria-required=\"true\" aria-invalid=\"false\" value=\"\" type=\"text\" name=\"your-name\" \/><\/span> <\/label>\n<\/p>\n<p><label> Ihre Email (Pflichtfeld)<br \/>\n<span class=\"wpcf7-form-control-wrap\" data-name=\"your-email\"><input size=\"40\" maxlength=\"400\" class=\"wpcf7-form-control wpcf7-email wpcf7-validates-as-required wpcf7-text wpcf7-validates-as-email\" aria-required=\"true\" aria-invalid=\"false\" value=\"\" type=\"email\" name=\"your-email\" \/><\/span> <\/label>\n<\/p>\n<p><label> Betreff (Pflichtfeld)<br \/>\n<span class=\"wpcf7-form-control-wrap\" data-name=\"your-subject\"><input size=\"40\" maxlength=\"400\" class=\"wpcf7-form-control wpcf7-text wpcf7-validates-as-required\" aria-required=\"true\" aria-invalid=\"false\" value=\"\" type=\"text\" name=\"your-subject\" \/><\/span> <\/label>\n<\/p>\n<p><label> Ihre Nachricht (Pflichtfeld)<br \/>\n<span class=\"wpcf7-form-control-wrap\" data-name=\"your-message\"><textarea cols=\"40\" rows=\"10\" maxlength=\"2000\" class=\"wpcf7-form-control wpcf7-textarea wpcf7-validates-as-required\" aria-required=\"true\" aria-invalid=\"false\" name=\"your-message\"><\/textarea><\/span> <\/label>\n<\/p>\n<p><span class=\"wpcf7-form-control-wrap\" data-name=\"datenschutz\"><span class=\"wpcf7-form-control wpcf7-acceptance\"><span class=\"wpcf7-list-item\"><label><input type=\"checkbox\" name=\"datenschutz\" value=\"1\" aria-invalid=\"false\" \/><span class=\"wpcf7-list-item-label\">Hiermit best&auml;tige ich die <a title=\"Datenschutzerkl&auml;rung\" href=\"https:\/\/rc-fallschirm-cs.de\/index.php\/datenschutzerklaerung\/\" target=\"_blank\">Erkl&auml;rung zum Datenschutz<\/a> gelesen zu haben und zu akzeptieren<\/span><\/label><\/span><\/span><\/span>\n<\/p>\n<p><input class=\"wpcf7-form-control wpcf7-submit has-spinner\" type=\"submit\" value=\"senden\" \/>\n<\/p><input type=\"hidden\" id=\"ct_checkjs_cf7_577bcc914f9e55d5e4e4f82f9f00e7d4\" name=\"ct_checkjs_cf7\" value=\"0\" \/><script >setTimeout(function(){var ct_input_name = \"ct_checkjs_cf7_577bcc914f9e55d5e4e4f82f9f00e7d4\";if (document.getElementById(ct_input_name) !== null) {var ct_input_value = document.getElementById(ct_input_name).value;document.getElementById(ct_input_name).value = document.getElementById(ct_input_name).value.replace(ct_input_value, '918841870');}}, 1000);<\/script><div class=\"wpcf7-response-output\" aria-hidden=\"true\"><\/div>\n<\/form>\n<\/div>\n\n","protected":false},"excerpt":{"rendered":"<p>Derzeit gibt es Probleme mit unserem Kontaktformular. Bitte senden Sie uns direkt eine E-Mail: Email address protected by JavaScript. Please enable JavaScript to contact me.<\/p>\n","protected":false},"author":1,"featured_media":0,"parent":0,"menu_order":9,"comment_status":"closed","ping_status":"closed","template":"","meta":{"footnotes":""},"class_list":["post-39","page","type-page","status-publish","hentry"],"yoast_head":"<!-- This site is optimized with the Yoast SEO plugin v27.3 - https:\/\/yoast.com\/product\/yoast-seo-wordpress\/ -->\n<title>Kontakt - RC Fallschirme Schuler<\/title>\n<meta name=\"description\" content=\"Kontakt- und Bestellformular, sowie Kontaktm\u00f6glichkeiten zu Ihrem Fallschirm und das passende Zubeh\u00f6r. Wir freuen uns \u00fcber Ihre Nachricht.\" \/>\n<meta name=\"robots\" content=\"index, follow, max-snippet:-1, max-image-preview:large, max-video-preview:-1\" \/>\n<link rel=\"canonical\" href=\"https:\/\/rc-fallschirm-cs.de\/index.php\/kontakt\/\" \/>\n<meta property=\"og:locale\" content=\"de_DE\" \/>\n<meta property=\"og:type\" content=\"article\" \/>\n<meta property=\"og:title\" content=\"Kontakt - RC Fallschirme Schuler\" \/>\n<meta property=\"og:description\" content=\"Kontakt- und Bestellformular, sowie Kontaktm\u00f6glichkeiten zu Ihrem Fallschirm und das passende Zubeh\u00f6r. Wir freuen uns \u00fcber Ihre Nachricht.\" \/>\n<meta property=\"og:url\" content=\"https:\/\/rc-fallschirm-cs.de\/index.php\/kontakt\/\" \/>\n<meta property=\"og:site_name\" content=\"RC Fallschirme Schuler\" \/>\n<meta property=\"article:modified_time\" content=\"2025-02-12T14:50:51+00:00\" \/>\n<meta name=\"twitter:card\" content=\"summary_large_image\" \/>\n<meta name=\"twitter:label1\" content=\"Gesch\u00e4tzte Lesezeit\" \/>\n\t<meta name=\"twitter:data1\" content=\"1\u00a0Minute\" \/>\n<script type=\"application\/ld+json\" class=\"yoast-schema-graph\">{\"@context\":\"https:\\\/\\\/schema.org\",\"@graph\":[{\"@type\":\"WebPage\",\"@id\":\"https:\\\/\\\/rc-fallschirm-cs.de\\\/index.php\\\/kontakt\\\/\",\"url\":\"https:\\\/\\\/rc-fallschirm-cs.de\\\/index.php\\\/kontakt\\\/\",\"name\":\"Kontakt - RC Fallschirme Schuler\",\"isPartOf\":{\"@id\":\"https:\\\/\\\/rc-fallschirm-cs.de\\\/#website\"},\"datePublished\":\"2018-10-05T10:52:13+00:00\",\"dateModified\":\"2025-02-12T14:50:51+00:00\",\"description\":\"Kontakt- und Bestellformular, sowie Kontaktm\u00f6glichkeiten zu Ihrem Fallschirm und das passende Zubeh\u00f6r. Wir freuen uns \u00fcber Ihre Nachricht.\",\"breadcrumb\":{\"@id\":\"https:\\\/\\\/rc-fallschirm-cs.de\\\/index.php\\\/kontakt\\\/#breadcrumb\"},\"inLanguage\":\"de\",\"potentialAction\":[{\"@type\":\"ReadAction\",\"target\":[\"https:\\\/\\\/rc-fallschirm-cs.de\\\/index.php\\\/kontakt\\\/\"]}]},{\"@type\":\"BreadcrumbList\",\"@id\":\"https:\\\/\\\/rc-fallschirm-cs.de\\\/index.php\\\/kontakt\\\/#breadcrumb\",\"itemListElement\":[{\"@type\":\"ListItem\",\"position\":1,\"name\":\"Home\",\"item\":\"https:\\\/\\\/rc-fallschirm-cs.de\\\/\"},{\"@type\":\"ListItem\",\"position\":2,\"name\":\"Kontakt\"}]},{\"@type\":\"WebSite\",\"@id\":\"https:\\\/\\\/rc-fallschirm-cs.de\\\/#website\",\"url\":\"https:\\\/\\\/rc-fallschirm-cs.de\\\/\",\"name\":\"RC Fallschirme Schuler\",\"description\":\"Schirme wie sie die Meister fliegen\",\"potentialAction\":[{\"@type\":\"SearchAction\",\"target\":{\"@type\":\"EntryPoint\",\"urlTemplate\":\"https:\\\/\\\/rc-fallschirm-cs.de\\\/?s={search_term_string}\"},\"query-input\":{\"@type\":\"PropertyValueSpecification\",\"valueRequired\":true,\"valueName\":\"search_term_string\"}}],\"inLanguage\":\"de\"}]}<\/script>\n<!-- \/ Yoast SEO plugin. -->","yoast_head_json":{"title":"Kontakt - RC Fallschirme Schuler","description":"Kontakt- und Bestellformular, sowie Kontaktm\u00f6glichkeiten zu Ihrem Fallschirm und das passende Zubeh\u00f6r. Wir freuen uns \u00fcber Ihre Nachricht.","robots":{"index":"index","follow":"follow","max-snippet":"max-snippet:-1","max-image-preview":"max-image-preview:large","max-video-preview":"max-video-preview:-1"},"canonical":"https:\/\/rc-fallschirm-cs.de\/index.php\/kontakt\/","og_locale":"de_DE","og_type":"article","og_title":"Kontakt - RC Fallschirme Schuler","og_description":"Kontakt- und Bestellformular, sowie Kontaktm\u00f6glichkeiten zu Ihrem Fallschirm und das passende Zubeh\u00f6r. Wir freuen uns \u00fcber Ihre Nachricht.","og_url":"https:\/\/rc-fallschirm-cs.de\/index.php\/kontakt\/","og_site_name":"RC Fallschirme Schuler","article_modified_time":"2025-02-12T14:50:51+00:00","twitter_card":"summary_large_image","twitter_misc":{"Gesch\u00e4tzte Lesezeit":"1\u00a0Minute"},"schema":{"@context":"https:\/\/schema.org","@graph":[{"@type":"WebPage","@id":"https:\/\/rc-fallschirm-cs.de\/index.php\/kontakt\/","url":"https:\/\/rc-fallschirm-cs.de\/index.php\/kontakt\/","name":"Kontakt - RC Fallschirme Schuler","isPartOf":{"@id":"https:\/\/rc-fallschirm-cs.de\/#website"},"datePublished":"2018-10-05T10:52:13+00:00","dateModified":"2025-02-12T14:50:51+00:00","description":"Kontakt- und Bestellformular, sowie Kontaktm\u00f6glichkeiten zu Ihrem Fallschirm und das passende Zubeh\u00f6r. Wir freuen uns \u00fcber Ihre Nachricht.","breadcrumb":{"@id":"https:\/\/rc-fallschirm-cs.de\/index.php\/kontakt\/#breadcrumb"},"inLanguage":"de","potentialAction":[{"@type":"ReadAction","target":["https:\/\/rc-fallschirm-cs.de\/index.php\/kontakt\/"]}]},{"@type":"BreadcrumbList","@id":"https:\/\/rc-fallschirm-cs.de\/index.php\/kontakt\/#breadcrumb","itemListElement":[{"@type":"ListItem","position":1,"name":"Home","item":"https:\/\/rc-fallschirm-cs.de\/"},{"@type":"ListItem","position":2,"name":"Kontakt"}]},{"@type":"WebSite","@id":"https:\/\/rc-fallschirm-cs.de\/#website","url":"https:\/\/rc-fallschirm-cs.de\/","name":"RC Fallschirme Schuler","description":"Schirme wie sie die Meister fliegen","potentialAction":[{"@type":"SearchAction","target":{"@type":"EntryPoint","urlTemplate":"https:\/\/rc-fallschirm-cs.de\/?s={search_term_string}"},"query-input":{"@type":"PropertyValueSpecification","valueRequired":true,"valueName":"search_term_string"}}],"inLanguage":"de"}]}},"_links":{"self":[{"href":"https:\/\/rc-fallschirm-cs.de\/index.php\/wp-json\/wp\/v2\/pages\/39","targetHints":{"allow":["GET"]}}],"collection":[{"href":"https:\/\/rc-fallschirm-cs.de\/index.php\/wp-json\/wp\/v2\/pages"}],"about":[{"href":"https:\/\/rc-fallschirm-cs.de\/index.php\/wp-json\/wp\/v2\/types\/page"}],"author":[{"embeddable":true,"href":"https:\/\/rc-fallschirm-cs.de\/index.php\/wp-json\/wp\/v2\/users\/1"}],"replies":[{"embeddable":true,"href":"https:\/\/rc-fallschirm-cs.de\/index.php\/wp-json\/wp\/v2\/comments?post=39"}],"version-history":[{"count":8,"href":"https:\/\/rc-fallschirm-cs.de\/index.php\/wp-json\/wp\/v2\/pages\/39\/revisions"}],"predecessor-version":[{"id":24338,"href":"https:\/\/rc-fallschirm-cs.de\/index.php\/wp-json\/wp\/v2\/pages\/39\/revisions\/24338"}],"wp:attachment":[{"href":"https:\/\/rc-fallschirm-cs.de\/index.php\/wp-json\/wp\/v2\/media?parent=39"}],"curies":[{"name":"wp","href":"https:\/\/api.w.org\/{rel}","templated":true}]}}